{"id":6513,"date":"2026-02-19T15:56:01","date_gmt":"2026-02-19T14:56:01","guid":{"rendered":"https:\/\/lealepivert.fr\/?post_type=product&#038;p=6513"},"modified":"2026-02-20T09:46:16","modified_gmt":"2026-02-20T08:46:16","slug":"family-portrait","status":"publish","type":"product","link":"https:\/\/lealepivert.fr\/fr\/produit\/family-portrait\/","title":{"rendered":"Portrait personnalis\u00e9"},"content":{"rendered":"<p><span class=\"s1\">C\u00e9l\u00e9brez vos proches avec un portrait unique. Envoyez-moi vos photos ou r\u00e9f\u00e9rences et recevez une illustration personnalis\u00e9e, id\u00e9ale \u00e0 offrir ou \u00e0 garder pour vous ;)<\/span><\/p>\n<p class=\"p1\"><strong><span class=\"s1\">Comment \u00e7a marche ?<\/span><\/strong><\/p>\n<p class=\"p1\"><span class=\"s1\">\u2013 Choisissez le nombre de personnes et d'animaux \u00e0 inclure (le prix s\u2019ajuste automatiquement).<br \/>\n\u2013 Envoyez-moi vos r\u00e9f\u00e9rences : photos, couleurs ou descriptions d\u00e9taill\u00e9es.<br \/>\n\u2013 Je r\u00e9alise votre illustration sur mesure et vous envoie le fichier final par email pour validation, avec une s\u00e9rie de retouches incluses.<\/span><\/p>\n<p class=\"p1\"><span class=\"s1\"><strong>D\u00e9tails pratiques :<\/strong><\/span><\/p>\n<p class=\"p1\"><span class=\"s1\">\u2013 Votre illustration vous sera livr\u00e9e en fichier num\u00e9rique format A4 ( 21 x 29,7cm ) haute r\u00e9solution.<br \/>\n\u2013 Temps de cr\u00e9ation : environ 15 jours apr\u00e8s r\u00e9ception de vos r\u00e9f\u00e9rences.<\/span><\/p>\n<p class=\"p1\"><strong><span class=\"s1\">Important<\/span><\/strong><\/p>\n<p class=\"p1\"><span class=\"s2\">After your purchase, you\u2019ll receive an email where you can send me all your references and instructions, so your illustration turns out exactly as you imagine.<\/span><\/p>","protected":false},"excerpt":{"rendered":"<p><span class=\"s1\">Capturez la personnalit\u00e9 de chacun dans un portrait de famille unique et personnalis\u00e9.<\/span><\/p>","protected":false},"featured_media":6533,"comment_status":"closed","ping_status":"closed","template":"","meta":[],"product_brand":[],"product_cat":[79],"product_tag":[],"class_list":{"0":"post-6513","1":"product","2":"type-product","3":"status-publish","4":"has-post-thumbnail","6":"product_cat-comissions","8":"first","9":"instock","10":"sold-individually","11":"shipping-taxable","12":"purchasable","13":"product-type-variable","14":"has-default-attributes"},"_links":{"self":[{"href":"https:\/\/lealepivert.fr\/fr\/wp-json\/wp\/v2\/product\/6513","targetHints":{"allow":["GET"]}}],"collection":[{"href":"https:\/\/lealepivert.fr\/fr\/wp-json\/wp\/v2\/product"}],"about":[{"href":"https:\/\/lealepivert.fr\/fr\/wp-json\/wp\/v2\/types\/product"}],"replies":[{"embeddable":true,"href":"https:\/\/lealepivert.fr\/fr\/wp-json\/wp\/v2\/comments?post=6513"}],"wp:featuredmedia":[{"embeddable":true,"href":"https:\/\/lealepivert.fr\/fr\/wp-json\/wp\/v2\/media\/6533"}],"wp:attachment":[{"href":"https:\/\/lealepivert.fr\/fr\/wp-json\/wp\/v2\/media?parent=6513"}],"wp:term":[{"taxonomy":"product_brand","embeddable":true,"href":"https:\/\/lealepivert.fr\/fr\/wp-json\/wp\/v2\/product_brand?post=6513"},{"taxonomy":"product_cat","embeddable":true,"href":"https:\/\/lealepivert.fr\/fr\/wp-json\/wp\/v2\/product_cat?post=6513"},{"taxonomy":"product_tag","embeddable":true,"href":"https:\/\/lealepivert.fr\/fr\/wp-json\/wp\/v2\/product_tag?post=6513"}],"curies":[{"name":"wp","href":"https:\/\/api.w.org\/{rel}","templated":true}]}}